{"id":1105,"date":"2025-10-23T08:50:34","date_gmt":"2025-10-23T06:50:34","guid":{"rendered":"https:\/\/persalut.com\/politica-de-privacidad\/"},"modified":"2026-01-20T15:22:52","modified_gmt":"2026-01-20T14:22:52","slug":"politica-de-privacidad","status":"publish","type":"page","link":"https:\/\/persalut.com\/ca\/politica-de-privacidad\/","title":{"rendered":"Pol\u00edtica de privacidad"},"content":{"rendered":"\t\t<div data-elementor-type=\"wp-page\" data-elementor-id=\"1105\" class=\"elementor elementor-1105 elementor-3\" data-elementor-post-type=\"page\">\n\t\t\t\t<div class=\"elementor-element elementor-element-408e27c0 e-flex e-con-boxed e-con e-parent\" data-id=\"408e27c0\" data-element_type=\"container\" data-e-type=\"container\">\n\t\t\t\t\t<div class=\"e-con-inner\">\n\t\t\t\t<div class=\"elementor-element elementor-element-fac6e96 elementor-widget elementor-widget-spacer\" data-id=\"fac6e96\" data-element_type=\"widget\" data-e-type=\"widget\" data-widget_type=\"spacer.default\">\n\t\t\t\t<div class=\"elementor-widget-container\">\n\t\t\t\t\t\t\t<div class=\"elementor-spacer\">\n\t\t\t<div class=\"elementor-spacer-inner\"><\/div>\n\t\t<\/div>\n\t\t\t\t\t\t<\/div>\n\t\t\t\t<\/div>\n\t\t\t\t<div class=\"elementor-element elementor-element-5e1cf6c elementor-widget elementor-widget-text-editor\" data-id=\"5e1cf6c\" data-element_type=\"widget\" data-e-type=\"widget\" data-widget_type=\"text-editor.default\">\n\t\t\t\t<div class=\"elementor-widget-container\">\n\t\t\t\t\t\t\t\t\t<p><b>POL\u00cdTICA DE PRIVACITAT<\/b><\/p><p>S\u00d2NIA FUGUET FOLCH est\u00e0 especialment sensibilitzada amb la protecci\u00f3 de les dades dels usuaris dels serveis que accedeixen al lloc web. Mitjan\u00e7ant la present Pol\u00edtica de Privacitat [d\u2019ara endavant, la Pol\u00edtica] informa els usuaris de perpsalut.com del tractament i els usos als quals se sotmeten les dades personals que es recullen a la Web, amb la finalitat que decideixin, lliurement i volunt\u00e0riament, si desitgen facilitar la informaci\u00f3 sol\u00b7licitada.<\/p><p>S\u00d2NIA FUGUET FOLCH considera essencial garantir la protecci\u00f3 de les dades personals, amb la finalitat de protegir la intimitat i la privacitat de totes les persones interessades (titulars de les dades), per la qual cosa es posa de manifest la present Pol\u00edtica, comprometent-nos a garantir les exig\u00e8ncies legals establertes en la legislaci\u00f3 i reglamentaci\u00f3 aplicables en mat\u00e8ria de Protecci\u00f3 de Dades Personals.<br \/>Aix\u00ed doncs, en compliment del Reglament (UE) 2016\/679, mitjan\u00e7ant el present document S\u00d2NIA FUGUET FOLCH informa:<\/p><p><b>1- Titularitat dels Tractaments<\/b><\/p><p>S\u00d2NIA FUGUET FOLCH, amb domicili social a: Carrer Baixada de la Font, 12 \u2013 43775 Mar\u00e7\u00e0 (Tarragona), \u00e9s la titular de diferents tractaments.<br \/>En concret, les dades recollides a trav\u00e9s del present web s\u2019incorporen al tractament [USUARIS WEB], als quals se\u2019ls aplicar\u00e0 la present Pol\u00edtica de Privacitat.<\/p><p><b>2- Recollida i tractament<\/b><\/p><p>El tractament [USUARIS WEB] t\u00e9 com a principal caracter\u00edstica:<\/p><p><b>2.1- Finalitat<\/b><\/p><p>La finalitat de la recollida i incorporaci\u00f3 de les dades als esmentats tractaments consisteix en:<\/p><p>Per al tractament [USUARIS WEB], oferir la informaci\u00f3 sol\u00b7licitada pels interessats en el formulari o q\u00fcestionari de la p\u00e0gina web perpsalut.com.<br \/>Resoldre les q\u00fcestions formulades.<br \/>I remetre\u2019ls informaci\u00f3 sobre les nostres ofertes de serveis de PER SALUT.<\/p><p><b>2.2- Encarregat del tractament<\/b><\/p><p>En el cas que hi hagi tercers que accedeixin a aquest tractament i amb els quals existeixi l\u2019obligaci\u00f3 de subscriure el contracte que prescriu l\u2019article 28 del RGPDUE, es formalitzar\u00e0 aquest contracte d\u2019acord amb els termes que estableix l\u2019esmentat article, regulant contractualment l\u2019\u00fas i la confidencialitat de les dades de car\u00e0cter personal, de conformitat amb el que disposa la legislaci\u00f3 vigent.<\/p><p><b>2.3- Base jur\u00eddica \u2013 Consentiment<\/b><\/p><p>Mitjan\u00e7ant l\u2019emplenament dels formularis disponibles al web, l\u2019interessat presta el seu consentiment perqu\u00e8 les dades de car\u00e0cter personal facilitades siguin incorporades al fitxer i siguin objecte de tractament d\u2019acord amb la present pol\u00edtica de privacitat.<br \/>De la mateixa manera, presta el seu consentiment perqu\u00e8 S\u00d2NIA FUGUET FOLCH li envi\u00ef informaci\u00f3 peri\u00f2dica sobre activitats, productes o serveis vinculats a PER SALUT.<\/p><p>Vost\u00e8 podr\u00e0 oposar-se en qualsevol moment a aquest tipus d\u2019enviaments enviant un correu electr\u00f2nic a: [perpsalut@gmail.com](mailto:perpsalut@gmail.com), indicant a l\u2019assumpte: \u201cBAIXA DE LA LLISTA DE DISTRIBUCI\u00d3\u201d.<\/p><p><b>3- Mesures de seguretat<\/b><\/p><p>S\u00d2NIA FUGUET FOLCH ha adoptat els nivells de seguretat de protecci\u00f3 de les dades de car\u00e0cter personal legalment requerits i ha instal\u00b7lat tots els mitjans i mesures t\u00e8cniques al seu abast per evitar la p\u00e8rdua, el mal \u00fas, l\u2019alteraci\u00f3, l\u2019acc\u00e9s no autoritzat i el robatori de les dades.<\/p><p><b>4- Drets d\u2019acc\u00e9s, rectificaci\u00f3, cancel\u00b7laci\u00f3, oposici\u00f3, portabilitat i limitaci\u00f3<\/b><\/p><p>Les persones interessades titulars de les dades contingudes en el tractament [USUARIS WEB], aix\u00ed com les dades contingudes en qualsevol dels tractaments titularitat de S\u00d2NIA FUGUET FOLCH, podran adre\u00e7ar-se a l\u2019entitat per exercir els drets d\u2019acc\u00e9s, rectificaci\u00f3, cancel\u00b7laci\u00f3, oposici\u00f3, portabilitat i, si escau, limitaci\u00f3 (Drets ARCOPL).<\/p><p>Aquests drets tenen car\u00e0cter personal\u00edssim, per la qual cosa \u00fanicament podran ser exercits pel mateix interessat o pel seu representant legal, pr\u00e8via acreditaci\u00f3 de la seva identitat o, si escau, de la sufici\u00e8ncia de la representaci\u00f3.<\/p><p>A.- El dret d\u2019acc\u00e9s es podr\u00e0 exercir amb una periodicitat anual, excepte en cas d\u2019inter\u00e8s leg\u00edtim acreditat.<br \/>En exercir aquest dret, l\u2019interessat podr\u00e0 optar pels seg\u00fcents sistemes de consulta del fitxer:<\/p><p>\u2013 Enviar un correu electr\u00f2nic a: [perpsalut@gmail.com](mailto:perpsalut@gmail.com)<br \/>\u2013 Comunicaci\u00f3 escrita adre\u00e7ada a:<br \/>S\u00d2NIA FUGUET FOLCH<br \/>Carrer Baixada de la Font, 12<br \/>43775 Mar\u00e7\u00e0 (Tarragona)<\/p><p>La responsable procedir\u00e0 a notificar la seva decisi\u00f3 en el termini d\u2019un mes. Si fos afirmativa, l\u2019interessat podr\u00e0 accedir a la informaci\u00f3 en el termini dels 10 dies seg\u00fcents a la notificaci\u00f3.<\/p><p>B.- El dret de rectificaci\u00f3 i cancel\u00b7laci\u00f3 podr\u00e0 ser exercit sempre que l\u2019interessat consideri que les dades recollides en els nostres tractaments s\u00f3n inexactes, incompletes, inadequades o excessives.<\/p><p>S\u00d2NIA FUGUET FOLCH procedir\u00e0 a la rectificaci\u00f3 o cancel\u00b7laci\u00f3 dins dels 10 dies seg\u00fcents a la recepci\u00f3 de la sol\u00b7licitud.<\/p><p>C.- El dret de portabilitat podr\u00e0 ser exercit sempre que l\u2019interessat consideri que les dades recollides en els nostres tractaments han de ser retornades al titular o, si escau, a un tercer (encarregat del tractament).<\/p><p>D.- El dret de limitaci\u00f3 podr\u00e0 ser exercit, pr\u00e8via sol\u00b7licitud del dret d\u2019oposici\u00f3 al tractament de les seves dades. Mentre no es resolgui l\u2019oposici\u00f3, es limitar\u00e0 el tractament de les dades.<\/p><p><b>5- Canvi de normativa<\/b><\/p><p>S\u00d2NIA FUGUET FOLCH es reserva el dret de modificar la present pol\u00edtica amb la finalitat d\u2019adaptar-la a les novetats legislatives o jurisprudencials, aix\u00ed com a les que es puguin derivar de \u201ccodis tipus\u201d existents en la mat\u00e8ria.<br \/>Aquests canvis seran comunicats amb l\u2019antelaci\u00f3 necess\u00e0ria a la nostra p\u00e0gina web, sense perjudici de sol\u00b7licitar el consentiment necessari dels afectats quan aquest no es consideri atorgat d\u2019acord amb els termes de la present pol\u00edtica.<\/p><p>Qualsevol dubte, pregunta o comentari que pugui tenir en relaci\u00f3 amb la present normativa, no dubti a consultar-ho adre\u00e7ant la seva comunicaci\u00f3 a:<br \/>[perpsalut@gmail.com](mailto:perpsalut@gmail.com)<\/p>\t\t\t\t\t\t\t\t<\/div>\n\t\t\t\t<\/div>\n\t\t\t\t\t<\/div>\n\t\t\t\t<\/div>\n\t\t\t\t<\/div>\n\t\t","protected":false},"excerpt":{"rendered":"<p>POL\u00cdTICA DE PRIVACITAT S\u00d2NIA FUGUET FOLCH est\u00e0 especialment sensibilitzada amb la protecci\u00f3 de les dades dels usuaris dels serveis que [&hellip;]<\/p>\n","protected":false},"author":1,"featured_media":0,"parent":0,"menu_order":0,"comment_status":"closed","ping_status":"closed","template":"","meta":{"site-sidebar-layout":"default","site-content-layout":"","ast-site-content-layout":"default","site-content-style":"default","site-sidebar-style":"default","ast-global-header-display":"","ast-banner-title-visibility":"","ast-main-header-display":"","ast-hfb-above-header-display":"","ast-hfb-below-header-display":"","ast-hfb-mobile-header-display":"","site-post-title":"disabled","ast-breadcrumbs-content":"","ast-featured-img":"","footer-sml-layout":"","ast-disable-related-posts":"","theme-transparent-header-meta":"","adv-header-id-meta":"","stick-header-meta":"","header-above-stick-meta":"","header-main-stick-meta":"","header-below-stick-meta":"","astra-migrate-meta-layouts":"default","ast-page-background-enabled":"default","ast-page-background-meta":{"desktop":{"background-color":"var(--ast-global-color-4)","background-image":"","background-repeat":"repeat","background-position":"center center","background-size":"auto","background-attachment":"scroll","background-type":"","background-media":"","overlay-type":"","overlay-color":"","overlay-opacity":"","overlay-gradient":""},"tablet":{"background-color":"","background-image":"","background-repeat":"repeat","background-position":"center center","background-size":"auto","background-attachment":"scroll","background-type":"","background-media":"","overlay-type":"","overlay-color":"","overlay-opacity":"","overlay-gradient":""},"mobile":{"background-color":"","background-image":"","background-repeat":"repeat","background-position":"center center","background-size":"auto","background-attachment":"scroll","background-type":"","background-media":"","overlay-type":"","overlay-color":"","overlay-opacity":"","overlay-gradient":""}},"ast-content-background-meta":{"desktop":{"background-color":"var(--ast-global-color-5)","background-image":"","background-repeat":"repeat","background-position":"center center","background-size":"auto","background-attachment":"scroll","background-type":"","background-media":"","overlay-type":"","overlay-color":"","overlay-opacity":"","overlay-gradient":""},"tablet":{"background-color":"var(--ast-global-color-5)","background-image":"","background-repeat":"repeat","background-position":"center center","background-size":"auto","background-attachment":"scroll","background-type":"","background-media":"","overlay-type":"","overlay-color":"","overlay-opacity":"","overlay-gradient":""},"mobile":{"background-color":"var(--ast-global-color-5)","background-image":"","background-repeat":"repeat","background-position":"center center","background-size":"auto","background-attachment":"scroll","background-type":"","background-media":"","overlay-type":"","overlay-color":"","overlay-opacity":"","overlay-gradient":""}},"footnotes":""},"class_list":["post-1105","page","type-page","status-publish","hentry"],"yoast_head":"<!-- This site is optimized with the Yoast SEO plugin v27.2 - https:\/\/yoast.com\/product\/yoast-seo-wordpress\/ -->\n<title>Pol\u00edtica de privacidad - Per Salut<\/title>\n<meta name=\"robots\" content=\"index, follow, max-snippet:-1, max-image-preview:large, max-video-preview:-1\" \/>\n<link rel=\"canonical\" href=\"https:\/\/persalut.com\/politica-de-privacidad\/\" \/>\n<meta property=\"og:locale\" content=\"ca_ES\" \/>\n<meta property=\"og:type\" content=\"article\" \/>\n<meta property=\"og:title\" content=\"Pol\u00edtica de privacidad - Per Salut\" \/>\n<meta property=\"og:description\" content=\"POL\u00cdTICA DE PRIVACITAT S\u00d2NIA FUGUET FOLCH est\u00e0 especialment sensibilitzada amb la protecci\u00f3 de les dades dels usuaris dels serveis que [&hellip;]\" \/>\n<meta property=\"og:url\" content=\"https:\/\/persalut.com\/politica-de-privacidad\/\" \/>\n<meta property=\"og:site_name\" content=\"Per Salut\" \/>\n<meta property=\"article:modified_time\" content=\"2026-01-20T14:22:52+00:00\" \/>\n<meta name=\"twitter:card\" content=\"summary_large_image\" \/>\n<meta name=\"twitter:label1\" content=\"Temps estimat de lectura\" \/>\n\t<meta name=\"twitter:data1\" content=\"5 minuts\" \/>\n<script type=\"application\/ld+json\" class=\"yoast-schema-graph\">{\"@context\":\"https:\/\/schema.org\",\"@graph\":[{\"@type\":\"WebPage\",\"@id\":\"https:\/\/persalut.com\/politica-de-privacidad\/\",\"url\":\"https:\/\/persalut.com\/politica-de-privacidad\/\",\"name\":\"Pol\u00edtica de privacidad - Per Salut\",\"isPartOf\":{\"@id\":\"https:\/\/persalut.com\/#website\"},\"datePublished\":\"2025-10-23T06:50:34+00:00\",\"dateModified\":\"2026-01-20T14:22:52+00:00\",\"breadcrumb\":{\"@id\":\"https:\/\/persalut.com\/politica-de-privacidad\/#breadcrumb\"},\"inLanguage\":\"ca\",\"potentialAction\":[{\"@type\":\"ReadAction\",\"target\":[\"https:\/\/persalut.com\/politica-de-privacidad\/\"]}]},{\"@type\":\"BreadcrumbList\",\"@id\":\"https:\/\/persalut.com\/politica-de-privacidad\/#breadcrumb\",\"itemListElement\":[{\"@type\":\"ListItem\",\"position\":1,\"name\":\"Portada\",\"item\":\"https:\/\/persalut.com\/\"},{\"@type\":\"ListItem\",\"position\":2,\"name\":\"Pol\u00edtica de privacidad\"}]},{\"@type\":\"WebSite\",\"@id\":\"https:\/\/persalut.com\/#website\",\"url\":\"https:\/\/persalut.com\/\",\"name\":\"Per Salut\",\"description\":\"Psicolog\u00eda cl\u00ednica infantil juvenil y adultos | Atenci\u00f3n cercana y profesional\",\"publisher\":{\"@id\":\"https:\/\/persalut.com\/#organization\"},\"potentialAction\":[{\"@type\":\"SearchAction\",\"target\":{\"@type\":\"EntryPoint\",\"urlTemplate\":\"https:\/\/persalut.com\/?s={search_term_string}\"},\"query-input\":{\"@type\":\"PropertyValueSpecification\",\"valueRequired\":true,\"valueName\":\"search_term_string\"}}],\"inLanguage\":\"ca\"},{\"@type\":\"Organization\",\"@id\":\"https:\/\/persalut.com\/#organization\",\"name\":\"Per Salut\",\"url\":\"https:\/\/persalut.com\/\",\"logo\":{\"@type\":\"ImageObject\",\"inLanguage\":\"ca\",\"@id\":\"https:\/\/persalut.com\/#\/schema\/logo\/image\/\",\"url\":\"https:\/\/persalut.com\/wp-content\/uploads\/2025\/10\/logo-sense-fondo.png\",\"contentUrl\":\"https:\/\/persalut.com\/wp-content\/uploads\/2025\/10\/logo-sense-fondo.png\",\"width\":1280,\"height\":705,\"caption\":\"Per Salut\"},\"image\":{\"@id\":\"https:\/\/persalut.com\/#\/schema\/logo\/image\/\"}}]}<\/script>\n<!-- \/ Yoast SEO plugin. -->","yoast_head_json":{"title":"Pol\u00edtica de privacidad - Per Salut","robots":{"index":"index","follow":"follow","max-snippet":"max-snippet:-1","max-image-preview":"max-image-preview:large","max-video-preview":"max-video-preview:-1"},"canonical":"https:\/\/persalut.com\/politica-de-privacidad\/","og_locale":"ca_ES","og_type":"article","og_title":"Pol\u00edtica de privacidad - Per Salut","og_description":"POL\u00cdTICA DE PRIVACITAT S\u00d2NIA FUGUET FOLCH est\u00e0 especialment sensibilitzada amb la protecci\u00f3 de les dades dels usuaris dels serveis que [&hellip;]","og_url":"https:\/\/persalut.com\/politica-de-privacidad\/","og_site_name":"Per Salut","article_modified_time":"2026-01-20T14:22:52+00:00","twitter_card":"summary_large_image","twitter_misc":{"Temps estimat de lectura":"5 minuts"},"schema":{"@context":"https:\/\/schema.org","@graph":[{"@type":"WebPage","@id":"https:\/\/persalut.com\/politica-de-privacidad\/","url":"https:\/\/persalut.com\/politica-de-privacidad\/","name":"Pol\u00edtica de privacidad - Per Salut","isPartOf":{"@id":"https:\/\/persalut.com\/#website"},"datePublished":"2025-10-23T06:50:34+00:00","dateModified":"2026-01-20T14:22:52+00:00","breadcrumb":{"@id":"https:\/\/persalut.com\/politica-de-privacidad\/#breadcrumb"},"inLanguage":"ca","potentialAction":[{"@type":"ReadAction","target":["https:\/\/persalut.com\/politica-de-privacidad\/"]}]},{"@type":"BreadcrumbList","@id":"https:\/\/persalut.com\/politica-de-privacidad\/#breadcrumb","itemListElement":[{"@type":"ListItem","position":1,"name":"Portada","item":"https:\/\/persalut.com\/"},{"@type":"ListItem","position":2,"name":"Pol\u00edtica de privacidad"}]},{"@type":"WebSite","@id":"https:\/\/persalut.com\/#website","url":"https:\/\/persalut.com\/","name":"Per Salut","description":"Psicolog\u00eda cl\u00ednica infantil juvenil y adultos | Atenci\u00f3n cercana y profesional","publisher":{"@id":"https:\/\/persalut.com\/#organization"},"potentialAction":[{"@type":"SearchAction","target":{"@type":"EntryPoint","urlTemplate":"https:\/\/persalut.com\/?s={search_term_string}"},"query-input":{"@type":"PropertyValueSpecification","valueRequired":true,"valueName":"search_term_string"}}],"inLanguage":"ca"},{"@type":"Organization","@id":"https:\/\/persalut.com\/#organization","name":"Per Salut","url":"https:\/\/persalut.com\/","logo":{"@type":"ImageObject","inLanguage":"ca","@id":"https:\/\/persalut.com\/#\/schema\/logo\/image\/","url":"https:\/\/persalut.com\/wp-content\/uploads\/2025\/10\/logo-sense-fondo.png","contentUrl":"https:\/\/persalut.com\/wp-content\/uploads\/2025\/10\/logo-sense-fondo.png","width":1280,"height":705,"caption":"Per Salut"},"image":{"@id":"https:\/\/persalut.com\/#\/schema\/logo\/image\/"}}]}},"_links":{"self":[{"href":"https:\/\/persalut.com\/ca\/wp-json\/wp\/v2\/pages\/1105","targetHints":{"allow":["GET"]}}],"collection":[{"href":"https:\/\/persalut.com\/ca\/wp-json\/wp\/v2\/pages"}],"about":[{"href":"https:\/\/persalut.com\/ca\/wp-json\/wp\/v2\/types\/page"}],"author":[{"embeddable":true,"href":"https:\/\/persalut.com\/ca\/wp-json\/wp\/v2\/users\/1"}],"replies":[{"embeddable":true,"href":"https:\/\/persalut.com\/ca\/wp-json\/wp\/v2\/comments?post=1105"}],"version-history":[{"count":3,"href":"https:\/\/persalut.com\/ca\/wp-json\/wp\/v2\/pages\/1105\/revisions"}],"predecessor-version":[{"id":1110,"href":"https:\/\/persalut.com\/ca\/wp-json\/wp\/v2\/pages\/1105\/revisions\/1110"}],"wp:attachment":[{"href":"https:\/\/persalut.com\/ca\/wp-json\/wp\/v2\/media?parent=1105"}],"curies":[{"name":"wp","href":"https:\/\/api.w.org\/{rel}","templated":true}]}}