{"id":1111,"date":"2025-11-25T08:56:18","date_gmt":"2025-11-25T07:56:18","guid":{"rendered":"https:\/\/persalut.com\/aviso-legal\/"},"modified":"2026-01-20T15:31:47","modified_gmt":"2026-01-20T14:31:47","slug":"aviso-legal","status":"publish","type":"page","link":"https:\/\/persalut.com\/ca\/aviso-legal\/","title":{"rendered":"Aviso Legal"},"content":{"rendered":"\t\t<div data-elementor-type=\"wp-page\" data-elementor-id=\"1111\" class=\"elementor elementor-1111 elementor-953\" data-elementor-post-type=\"page\">\n\t\t\t\t<div class=\"elementor-element elementor-element-ec60595 e-flex e-con-boxed e-con e-parent\" data-id=\"ec60595\" data-element_type=\"container\" data-e-type=\"container\">\n\t\t\t\t\t<div class=\"e-con-inner\">\n\t\t\t\t<div class=\"elementor-element elementor-element-fbcf1ce elementor-widget elementor-widget-spacer\" data-id=\"fbcf1ce\" data-element_type=\"widget\" data-e-type=\"widget\" data-widget_type=\"spacer.default\">\n\t\t\t\t<div class=\"elementor-widget-container\">\n\t\t\t\t\t\t\t<div class=\"elementor-spacer\">\n\t\t\t<div class=\"elementor-spacer-inner\"><\/div>\n\t\t<\/div>\n\t\t\t\t\t\t<\/div>\n\t\t\t\t<\/div>\n\t\t\t\t<div class=\"elementor-element elementor-element-bebcad0 elementor-widget elementor-widget-text-editor\" data-id=\"bebcad0\" data-element_type=\"widget\" data-e-type=\"widget\" data-widget_type=\"text-editor.default\">\n\t\t\t\t<div class=\"elementor-widget-container\">\n\t\t\t\t\t\t\t\t\t<p><b>Av\u00eds Legal<\/b><\/p><p>De conformitat amb l\u2019article 10 de la Llei 34\/2002, d\u201911 de juliol, de \u201cServeis de la Societat de la Informaci\u00f3 i Comer\u00e7 Electr\u00f2nic (LSSI)\u201d, posem en el seu coneixement la seg\u00fcent informaci\u00f3:<\/p><p>S\u00d2NIA FUGUET FOLCH, [d\u2019ara endavant PER SALUT], amb DNI 39884505K, \u00e9s la titular del portal web perpsalut.com, que actua exclusivament com a explotadora i gestora dels continguts dels portals web, amb domicili a: Carrer Baixada de la Font, 12 \u2013 43775 Mar\u00e7\u00e0 (Tarragona), i \u00e9s la responsable de l\u2019explotaci\u00f3, gesti\u00f3 i funcionament del portal web esmentat anteriorment.<\/p><p>Si vol contactar amb nosaltres, pot fer-ho mitjan\u00e7ant correu postal a l\u2019adre\u00e7a indicada en el par\u00e0graf anterior, o b\u00e9 a trav\u00e9s del correu electr\u00f2nic [perpsalut@gmail.com](mailto:perpsalut@gmail.com).<\/p><p><b>CONCEPTE D\u2019USUARI<\/b><\/p><p>La utilitzaci\u00f3 del portal web atribueix la condici\u00f3 d\u2019usuari, i implica l\u2019acceptaci\u00f3 total i sense reserves de totes i cadascuna de les disposicions incloses en aquest Av\u00eds Legal, en la versi\u00f3 publicada per PER SALUT en el mateix moment en qu\u00e8 l\u2019usuari accedeixi a la web. En conseq\u00fc\u00e8ncia, l\u2019usuari ha de llegir atentament el present Av\u00eds Legal en cadascuna de les ocasions en qu\u00e8 es proposi utilitzar la web, ja que pot patir modificacions.<\/p><p><b>INFORMACI\u00d3 SOBRE ELS VINCLES \u201cLINKS\u201d<\/b><\/p><p>PER SALUT no es fa responsable de les webs no pr\u00f2pies o de tercers a les quals es pugui accedir mitjan\u00e7ant vincles o \u201clinks\u201d, ni de qualsevol contingut posat a disposici\u00f3 per tercers.<\/p><p>Qualsevol \u00fas d\u2019un vincle o acc\u00e9s a una web no pr\u00f2pia es realitza per voluntat i risc exclusiu de l\u2019usuari. PER SALUT no recomana ni garanteix cap informaci\u00f3 obtinguda a trav\u00e9s d\u2019un vincle ali\u00e8 a la web de perpsalut.com, ni es responsabilitza de cap p\u00e8rdua, reclamaci\u00f3 o perjudici derivat de l\u2019\u00fas o mal \u00fas d\u2019un vincle, o de la informaci\u00f3 obtinguda a trav\u00e9s d\u2019aquest, incloent-hi altres vincles o webs, de la interrupci\u00f3 del servei o de l\u2019acc\u00e9s, o de l\u2019\u00fas o mal \u00fas d\u2019un vincle, tant en connectar al portal web de PER SALUT com en accedir a la informaci\u00f3 d\u2019altres webs des del mateix portal web.<\/p><p><b>REN\u00daNCIA I LIMITACI\u00d3 DE LA RESPONSABILITAT<\/b><\/p><p>La informaci\u00f3 i els serveis inclosos o disponibles a trav\u00e9s de les p\u00e0gines web poden incloure incorreccions o errors tipogr\u00e0fics. De manera peri\u00f2dica s\u2019incorporen canvis a la informaci\u00f3 continguda. PER SALUT pot introduir en qualsevol moment millores i\/o canvis en els serveis o continguts.<\/p><p>Tamb\u00e9 s\u2019adverteix que els continguts d\u2019aquesta web tenen una finalitat informativa pel que fa a l\u2019oferta de serveis i tarifes, segons el que preveu el present av\u00eds legal i la resta de textos legals del portal.<\/p><p><b>INFORMACI\u00d3 SOBRE L\u2019EXEMPCI\u00d3 DE TOTA RESPONSABILITAT DERIVADA D\u2019UN ERROR T\u00c8CNIC I DE CONTINGUT<\/b><\/p><p>PER SALUT declina qualsevol responsabilitat en cas que existeixin interrupcions o un mal funcionament dels serveis o continguts oferts a Internet, sigui quina sigui la seva causa.<\/p><p>Aix\u00ed mateix, PER SALUT no es fa responsable de les caigudes de la xarxa, p\u00e8rdues de negoci com a conseq\u00fc\u00e8ncia d\u2019aquestes caigudes, suspensions temporals del subministrament el\u00e8ctric o qualsevol altre tipus.<\/p><p>PER SALUT no garanteix que els serveis o continguts no siguin interromputs o que estiguin lliures d\u2019errors, que els defectes siguin corregits, o que el servei o el servidor que els posa a disposici\u00f3 estigui lliure de virus o altres components nocius, sense perjudici que PER SALUT realitza els seus millors esfor\u00e7os per evitar aquest tipus d\u2019incidents.<\/p><p>En el cas que l\u2019usuari prengu\u00e9s determinades decisions o realitz\u00e9s accions basades en la informaci\u00f3 inclosa en qualsevol dels \u201cwebsites\u201d, es recomana la comprovaci\u00f3 de la informaci\u00f3 rebuda amb altres fonts.<\/p><p><b>INFORMACI\u00d3 RELATIVA A LA PROPIETAT INTEL\u00b7LECTUAL I INDUSTRIAL<\/b><\/p><p>L\u2019estructura, el disseny i la forma de presentaci\u00f3 dels elements (gr\u00e0fics, imatges, fitxers, logotips, combinacions de colors i qualsevol element susceptible de protecci\u00f3) estan protegits per drets de propietat intel\u00b7lectual, titularitat de PER SALUT.<\/p><p>Queda prohibida la reproducci\u00f3, transformaci\u00f3, distribuci\u00f3, comunicaci\u00f3 p\u00fablica i, en general, qualsevol altra forma d\u2019explotaci\u00f3, parcial o total, dels elements referits en l\u2019apartat anterior. Aquests actes d\u2019explotaci\u00f3 nom\u00e9s podran ser realitzats en virtut de l\u2019autoritzaci\u00f3 expressa de PER SALUT i, en tot cas, hauran de fer refer\u00e8ncia expl\u00edcita a la titularitat dels esmentats drets de propietat intel\u00b7lectual de PER SALUT.<\/p><p>Nom\u00e9s est\u00e0 autoritzat l\u2019\u00fas privat del material documental elaborat per PER SALUT. En cap cas es podr\u00e0 suprimir, alterar, eludir o manipular qualsevol dispositiu de protecci\u00f3 o sistemes de seguretat que puguin estar instal\u00b7lats.<\/p><p>Excepte autoritzaci\u00f3 expressa de PER SALUT, no es permet l\u2019enlla\u00e7 a \u201cp\u00e0gines finals\u201d, el \u201cframe\u201d ni qualsevol altra manipulaci\u00f3 similar. Els enlla\u00e7os han de ser sempre a la p\u00e0gina principal o \u201chome page\u201d de perpsalut.com.<\/p><p>Els signes distintius (marques, noms comercials) de PER SALUT estan protegits per drets de propietat industrial, quedant prohibida la utilitzaci\u00f3 o manipulaci\u00f3 de qualsevol d\u2019ells, excepte autoritzaci\u00f3 expressa i per escrit de PER SALUT.<\/p>\t\t\t\t\t\t\t\t<\/div>\n\t\t\t\t<\/div>\n\t\t\t\t\t<\/div>\n\t\t\t\t<\/div>\n\t\t\t\t<\/div>\n\t\t","protected":false},"excerpt":{"rendered":"<p>Av\u00eds Legal De conformitat amb l\u2019article 10 de la Llei 34\/2002, d\u201911 de juliol, de \u201cServeis de la Societat de [&hellip;]<\/p>\n","protected":false},"author":1,"featured_media":0,"parent":0,"menu_order":0,"comment_status":"closed","ping_status":"closed","template":"","meta":{"site-sidebar-layout":"no-sidebar","site-content-layout":"","ast-site-content-layout":"full-width-container","site-content-style":"default","site-sidebar-style":"default","ast-global-header-display":"","ast-banner-title-visibility":"","ast-main-header-display":"","ast-hfb-above-header-display":"","ast-hfb-below-header-display":"","ast-hfb-mobile-header-display":"","site-post-title":"disabled","ast-breadcrumbs-content":"","ast-featured-img":"disabled","footer-sml-layout":"","ast-disable-related-posts":"","theme-transparent-header-meta":"","adv-header-id-meta":"","stick-header-meta":"","header-above-stick-meta":"","header-main-stick-meta":"","header-below-stick-meta":"","astra-migrate-meta-layouts":"default","ast-page-background-enabled":"default","ast-page-background-meta":{"desktop":{"background-color":"var(--ast-global-color-4)","background-image":"","background-repeat":"repeat","background-position":"center center","background-size":"auto","background-attachment":"scroll","background-type":"","background-media":"","overlay-type":"","overlay-color":"","overlay-opacity":"","overlay-gradient":""},"tablet":{"background-color":"","background-image":"","background-repeat":"repeat","background-position":"center center","background-size":"auto","background-attachment":"scroll","background-type":"","background-media":"","overlay-type":"","overlay-color":"","overlay-opacity":"","overlay-gradient":""},"mobile":{"background-color":"","background-image":"","background-repeat":"repeat","background-position":"center center","background-size":"auto","background-attachment":"scroll","background-type":"","background-media":"","overlay-type":"","overlay-color":"","overlay-opacity":"","overlay-gradient":""}},"ast-content-background-meta":{"desktop":{"background-color":"var(--ast-global-color-5)","background-image":"","background-repeat":"repeat","background-position":"center center","background-size":"auto","background-attachment":"scroll","background-type":"","background-media":"","overlay-type":"","overlay-color":"","overlay-opacity":"","overlay-gradient":""},"tablet":{"background-color":"var(--ast-global-color-5)","background-image":"","background-repeat":"repeat","background-position":"center center","background-size":"auto","background-attachment":"scroll","background-type":"","background-media":"","overlay-type":"","overlay-color":"","overlay-opacity":"","overlay-gradient":""},"mobile":{"background-color":"var(--ast-global-color-5)","background-image":"","background-repeat":"repeat","background-position":"center center","background-size":"auto","background-attachment":"scroll","background-type":"","background-media":"","overlay-type":"","overlay-color":"","overlay-opacity":"","overlay-gradient":""}},"footnotes":""},"class_list":["post-1111","page","type-page","status-publish","hentry"],"yoast_head":"<!-- This site is optimized with the Yoast SEO plugin v27.2 - https:\/\/yoast.com\/product\/yoast-seo-wordpress\/ -->\n<title>Aviso Legal - Per Salut<\/title>\n<meta name=\"robots\" content=\"index, follow, max-snippet:-1, max-image-preview:large, max-video-preview:-1\" \/>\n<link rel=\"canonical\" href=\"https:\/\/persalut.com\/aviso-legal\/\" \/>\n<meta property=\"og:locale\" content=\"ca_ES\" \/>\n<meta property=\"og:type\" content=\"article\" \/>\n<meta property=\"og:title\" content=\"Aviso Legal - Per Salut\" \/>\n<meta property=\"og:description\" content=\"Av\u00eds Legal De conformitat amb l\u2019article 10 de la Llei 34\/2002, d\u201911 de juliol, de \u201cServeis de la Societat de [&hellip;]\" \/>\n<meta property=\"og:url\" content=\"https:\/\/persalut.com\/aviso-legal\/\" \/>\n<meta property=\"og:site_name\" content=\"Per Salut\" \/>\n<meta property=\"article:modified_time\" content=\"2026-01-20T14:31:47+00:00\" \/>\n<meta name=\"twitter:card\" content=\"summary_large_image\" \/>\n<meta name=\"twitter:label1\" content=\"Temps estimat de lectura\" \/>\n\t<meta name=\"twitter:data1\" content=\"5 minuts\" \/>\n<script type=\"application\/ld+json\" class=\"yoast-schema-graph\">{\"@context\":\"https:\/\/schema.org\",\"@graph\":[{\"@type\":\"WebPage\",\"@id\":\"https:\/\/persalut.com\/aviso-legal\/\",\"url\":\"https:\/\/persalut.com\/aviso-legal\/\",\"name\":\"Aviso Legal - Per Salut\",\"isPartOf\":{\"@id\":\"https:\/\/persalut.com\/#website\"},\"datePublished\":\"2025-11-25T07:56:18+00:00\",\"dateModified\":\"2026-01-20T14:31:47+00:00\",\"breadcrumb\":{\"@id\":\"https:\/\/persalut.com\/aviso-legal\/#breadcrumb\"},\"inLanguage\":\"ca\",\"potentialAction\":[{\"@type\":\"ReadAction\",\"target\":[\"https:\/\/persalut.com\/aviso-legal\/\"]}]},{\"@type\":\"BreadcrumbList\",\"@id\":\"https:\/\/persalut.com\/aviso-legal\/#breadcrumb\",\"itemListElement\":[{\"@type\":\"ListItem\",\"position\":1,\"name\":\"Portada\",\"item\":\"https:\/\/persalut.com\/\"},{\"@type\":\"ListItem\",\"position\":2,\"name\":\"Aviso Legal\"}]},{\"@type\":\"WebSite\",\"@id\":\"https:\/\/persalut.com\/#website\",\"url\":\"https:\/\/persalut.com\/\",\"name\":\"Per Salut\",\"description\":\"Psicolog\u00eda cl\u00ednica infantil juvenil y adultos | Atenci\u00f3n cercana y profesional\",\"publisher\":{\"@id\":\"https:\/\/persalut.com\/#organization\"},\"potentialAction\":[{\"@type\":\"SearchAction\",\"target\":{\"@type\":\"EntryPoint\",\"urlTemplate\":\"https:\/\/persalut.com\/?s={search_term_string}\"},\"query-input\":{\"@type\":\"PropertyValueSpecification\",\"valueRequired\":true,\"valueName\":\"search_term_string\"}}],\"inLanguage\":\"ca\"},{\"@type\":\"Organization\",\"@id\":\"https:\/\/persalut.com\/#organization\",\"name\":\"Per Salut\",\"url\":\"https:\/\/persalut.com\/\",\"logo\":{\"@type\":\"ImageObject\",\"inLanguage\":\"ca\",\"@id\":\"https:\/\/persalut.com\/#\/schema\/logo\/image\/\",\"url\":\"https:\/\/persalut.com\/wp-content\/uploads\/2025\/10\/logo-sense-fondo.png\",\"contentUrl\":\"https:\/\/persalut.com\/wp-content\/uploads\/2025\/10\/logo-sense-fondo.png\",\"width\":1280,\"height\":705,\"caption\":\"Per Salut\"},\"image\":{\"@id\":\"https:\/\/persalut.com\/#\/schema\/logo\/image\/\"}}]}<\/script>\n<!-- \/ Yoast SEO plugin. -->","yoast_head_json":{"title":"Aviso Legal - Per Salut","robots":{"index":"index","follow":"follow","max-snippet":"max-snippet:-1","max-image-preview":"max-image-preview:large","max-video-preview":"max-video-preview:-1"},"canonical":"https:\/\/persalut.com\/aviso-legal\/","og_locale":"ca_ES","og_type":"article","og_title":"Aviso Legal - Per Salut","og_description":"Av\u00eds Legal De conformitat amb l\u2019article 10 de la Llei 34\/2002, d\u201911 de juliol, de \u201cServeis de la Societat de [&hellip;]","og_url":"https:\/\/persalut.com\/aviso-legal\/","og_site_name":"Per Salut","article_modified_time":"2026-01-20T14:31:47+00:00","twitter_card":"summary_large_image","twitter_misc":{"Temps estimat de lectura":"5 minuts"},"schema":{"@context":"https:\/\/schema.org","@graph":[{"@type":"WebPage","@id":"https:\/\/persalut.com\/aviso-legal\/","url":"https:\/\/persalut.com\/aviso-legal\/","name":"Aviso Legal - Per Salut","isPartOf":{"@id":"https:\/\/persalut.com\/#website"},"datePublished":"2025-11-25T07:56:18+00:00","dateModified":"2026-01-20T14:31:47+00:00","breadcrumb":{"@id":"https:\/\/persalut.com\/aviso-legal\/#breadcrumb"},"inLanguage":"ca","potentialAction":[{"@type":"ReadAction","target":["https:\/\/persalut.com\/aviso-legal\/"]}]},{"@type":"BreadcrumbList","@id":"https:\/\/persalut.com\/aviso-legal\/#breadcrumb","itemListElement":[{"@type":"ListItem","position":1,"name":"Portada","item":"https:\/\/persalut.com\/"},{"@type":"ListItem","position":2,"name":"Aviso Legal"}]},{"@type":"WebSite","@id":"https:\/\/persalut.com\/#website","url":"https:\/\/persalut.com\/","name":"Per Salut","description":"Psicolog\u00eda cl\u00ednica infantil juvenil y adultos | Atenci\u00f3n cercana y profesional","publisher":{"@id":"https:\/\/persalut.com\/#organization"},"potentialAction":[{"@type":"SearchAction","target":{"@type":"EntryPoint","urlTemplate":"https:\/\/persalut.com\/?s={search_term_string}"},"query-input":{"@type":"PropertyValueSpecification","valueRequired":true,"valueName":"search_term_string"}}],"inLanguage":"ca"},{"@type":"Organization","@id":"https:\/\/persalut.com\/#organization","name":"Per Salut","url":"https:\/\/persalut.com\/","logo":{"@type":"ImageObject","inLanguage":"ca","@id":"https:\/\/persalut.com\/#\/schema\/logo\/image\/","url":"https:\/\/persalut.com\/wp-content\/uploads\/2025\/10\/logo-sense-fondo.png","contentUrl":"https:\/\/persalut.com\/wp-content\/uploads\/2025\/10\/logo-sense-fondo.png","width":1280,"height":705,"caption":"Per Salut"},"image":{"@id":"https:\/\/persalut.com\/#\/schema\/logo\/image\/"}}]}},"_links":{"self":[{"href":"https:\/\/persalut.com\/ca\/wp-json\/wp\/v2\/pages\/1111","targetHints":{"allow":["GET"]}}],"collection":[{"href":"https:\/\/persalut.com\/ca\/wp-json\/wp\/v2\/pages"}],"about":[{"href":"https:\/\/persalut.com\/ca\/wp-json\/wp\/v2\/types\/page"}],"author":[{"embeddable":true,"href":"https:\/\/persalut.com\/ca\/wp-json\/wp\/v2\/users\/1"}],"replies":[{"embeddable":true,"href":"https:\/\/persalut.com\/ca\/wp-json\/wp\/v2\/comments?post=1111"}],"version-history":[{"count":3,"href":"https:\/\/persalut.com\/ca\/wp-json\/wp\/v2\/pages\/1111\/revisions"}],"predecessor-version":[{"id":1116,"href":"https:\/\/persalut.com\/ca\/wp-json\/wp\/v2\/pages\/1111\/revisions\/1116"}],"wp:attachment":[{"href":"https:\/\/persalut.com\/ca\/wp-json\/wp\/v2\/media?parent=1111"}],"curies":[{"name":"wp","href":"https:\/\/api.w.org\/{rel}","templated":true}]}}