{"id":1117,"date":"2025-11-25T09:23:32","date_gmt":"2025-11-25T08:23:32","guid":{"rendered":"https:\/\/persalut.com\/politica-de-cookies\/"},"modified":"2026-01-20T15:33:42","modified_gmt":"2026-01-20T14:33:42","slug":"politica-de-cookies","status":"publish","type":"page","link":"https:\/\/persalut.com\/ca\/politica-de-cookies\/","title":{"rendered":"Pol\u00edtica de cookies"},"content":{"rendered":"\t\t<div data-elementor-type=\"wp-page\" data-elementor-id=\"1117\" class=\"elementor elementor-1117 elementor-963\" data-elementor-post-type=\"page\">\n\t\t\t\t<div class=\"elementor-element elementor-element-0c17dc1 e-flex e-con-boxed e-con e-parent\" data-id=\"0c17dc1\" data-element_type=\"container\" data-e-type=\"container\">\n\t\t\t\t\t<div class=\"e-con-inner\">\n\t\t\t\t<div class=\"elementor-element elementor-element-9bde6c3 elementor-widget elementor-widget-spacer\" data-id=\"9bde6c3\" data-element_type=\"widget\" data-e-type=\"widget\" data-widget_type=\"spacer.default\">\n\t\t\t\t<div class=\"elementor-widget-container\">\n\t\t\t\t\t\t\t<div class=\"elementor-spacer\">\n\t\t\t<div class=\"elementor-spacer-inner\"><\/div>\n\t\t<\/div>\n\t\t\t\t\t\t<\/div>\n\t\t\t\t<\/div>\n\t\t\t\t<div class=\"elementor-element elementor-element-f8dedc7 elementor-widget elementor-widget-text-editor\" data-id=\"f8dedc7\" data-element_type=\"widget\" data-e-type=\"widget\" data-widget_type=\"text-editor.default\">\n\t\t\t\t<div class=\"elementor-widget-container\">\n\t\t\t\t\t\t\t\t\t<p><strong>Pol\u00edtica de Cookies<\/strong><\/p><p><strong>Qu\u00e8 s\u00f3n les cookies?<\/strong><\/p><p>Les cookies s\u00f3n arxius que s\u2019instal\u00b7len al navegador o als dispositius (smartphones, tauletes) de l\u2019usuari durant la seva navegaci\u00f3 pel lloc web i serveixen per emmagatzemar informaci\u00f3 sobre la seva visita.<br \/>S\u2019utilitzen cookies per a:<br \/>\u2022 Assegurar que les p\u00e0gines web funcionin correctament.<br \/>\u2022 Emmagatzemar prefer\u00e8ncies, com l\u2019idioma o la mida de la lletra.<br \/>\u2022 Con\u00e8ixer l\u2019experi\u00e8ncia de navegaci\u00f3 de l\u2019usuari.<br \/>\u2022 Recollir informaci\u00f3 estad\u00edstica an\u00f2nima, com ara quines p\u00e0gines ha visitat l\u2019usuari o quant de temps ha estat al lloc web.<\/p><p>L\u2019\u00fas de cookies permet optimitzar la navegaci\u00f3, adaptant la informaci\u00f3 i els serveis oferts als interessos dels usuaris, per proporcionar una millor experi\u00e8ncia cada vegada que es visita el lloc web.<\/p><p>Tipologia, finalitat i funcionament<\/p><p>Les cookies, segons la seva perman\u00e8ncia, es poden dividir en cookies de sessi\u00f3 o permanents. Les primeres expiren quan l\u2019usuari tanca el navegador. Les segones expiren quan es compleix l\u2019objectiu pel qual serveixen o b\u00e9 quan s\u2019esborren manualment.<\/p><p>A m\u00e9s, segons la seva finalitat, les cookies es poden classificar de la seg\u00fcent manera:<\/p><p>Estrictament necess\u00e0ries (t\u00e8cniques): s\u00f3n aquelles imprescindibles per al correcte funcionament de la p\u00e0gina. Normalment es generen quan l\u2019usuari accedeix al lloc web o inicia sessi\u00f3, i s\u2019utilitzen per identificar-lo al lloc web amb els objectius seg\u00fcents:<br \/>\u2013 Mantenir l\u2019usuari identificat de manera que, si abandona el lloc web i posteriorment hi torna a accedir, continu\u00ef identificat, facilitant aix\u00ed la navegaci\u00f3 sense haver-se de tornar a identificar.<br \/>\u2013 Comprovar si l\u2019usuari est\u00e0 autoritzat per accedir a determinats serveis o zones del lloc web.<\/p><p>De rendiment: s\u2019utilitzen per millorar l\u2019experi\u00e8ncia de navegaci\u00f3 i optimitzar el funcionament del lloc web, com per exemple emmagatzemar configuracions de serveis o guardar la compra realitzada en un carret de compra.<\/p><p>De publicitat: s\u00f3n aquelles que recullen informaci\u00f3 sobre els anuncis mostrats als usuaris del lloc web. Poden ser de dos tipus:<br \/>\u2013 An\u00f2nimes: nom\u00e9s recullen informaci\u00f3 sobre els espais publicitaris mostrats al lloc web, amb independ\u00e8ncia de l\u2019usuari que hi accedeixi, \u00e9s a dir, sense identificar-lo expressament.<br \/>\u2013 Personalitzades: recullen informaci\u00f3 personal de l\u2019usuari del lloc web per part d\u2019un tercer, per a la personalitzaci\u00f3 d\u2019aquests espais publicitaris.<\/p><p>De geolocalitzaci\u00f3: aquestes cookies s\u2019utilitzen per esbrinar en quin pa\u00eds o regi\u00f3 es troba l\u2019usuari que accedeix a un servei del lloc web, per tal d\u2019oferir continguts o serveis adequats a la seva localitzaci\u00f3.<\/p><p>Anal\u00edtiques: recullen informaci\u00f3 sobre l\u2019experi\u00e8ncia de navegaci\u00f3 de l\u2019usuari al lloc web, normalment de manera an\u00f2nima, encara que en ocasions tamb\u00e9 permeten identificar de manera \u00fanica i inequ\u00edvoca l\u2019usuari per obtenir informes sobre els interessos dels usuaris en els serveis que ofereix el lloc web.<\/p><p><b>Cookies utilitzades<\/b><\/p><p>Nivell 1: Cookies estrictament necess\u00e0ries per a la prestaci\u00f3 del mateix servei sol\u00b7licitat per l\u2019usuari.<br \/>Nivell 2: Cookies de rendiment (an\u00f2nimes) necess\u00e0ries per al manteniment dels continguts i la navegaci\u00f3, de les quals nom\u00e9s cal informar de la seva exist\u00e8ncia.<br \/>Nivell 3: Cookies gestionades per tercers que permeten el seguiment de l\u2019usuari a trav\u00e9s d\u2019altres webs que no s\u00f3n titularitat d\u2019aquest lloc web. Normalment corresponen a cookies de publicitat o anal\u00edtiques en qu\u00e8 l\u2019usuari \u00e9s identificat de manera \u00fanica i evident.<\/p><p><strong>DESACTIVAR L\u2019\u00daS DE COOKIES<\/strong><\/p><p>L\u2019usuari pot, en qualsevol moment, deshabilitar l\u2019\u00fas de cookies mitjan\u00e7ant la configuraci\u00f3 del navegador, per exemple:<br \/>Google Chrome [http:\/\/support.google.com\/chrome\/bin\/answer.py?hl=es&amp;answer=95647](http:\/\/support.google.com\/chrome\/bin\/answer.py?hl=es&amp;answer=95647)<br \/>Windows Explorer [http:\/\/windows.microsoft.com\/es-es\/windows7\/how-to-manage-cookies-in-internet-explorer-9](http:\/\/windows.microsoft.com\/es-es\/windows7\/how-to-manage-cookies-in-internet-explorer-9)<br \/>Firefox [http:\/\/support.mozilla.org\/es\/kb\/habilitar-y-deshabilitar-cookies-que-los-sitios-we](http:\/\/support.mozilla.org\/es\/kb\/habilitar-y-deshabilitar-cookies-que-los-sitios-we)<br \/>Apple Safari [http:\/\/support.apple.com\/kb\/ph5042](http:\/\/support.apple.com\/kb\/ph5042)<\/p><p>L\u2019informem que <span style=\"color: #212529; font-family: -apple-system, BlinkMacSystemFont, 'Open Sans', 'Segoe UI', Roboto, 'Helvetica Neue', Arial, sans-serif; font-size: 13.6px; font-weight: bold;\">S\u00f2nia Fuguet<\/span>, en el seu domini persalut.com, no utilitza cap tipus de \u201ccookie\u201d per al tractament de dades personals que permetin la identificaci\u00f3 de persones f\u00edsiques concretes.<\/p><p><strong>COOKIES PR\u00d2PIES<\/strong><\/p><p><span style=\"font-size: 1rem;\">persalut<\/span>.com ver_legal Permanent Control de la versi\u00f3 dels textos legals<\/p><p><strong>COOKIES DE TERCERS<\/strong><\/p><p>persalut.com __utma 2 anys Mesura interna Google Analytics <strong>Nivell 3<\/strong><br \/>persalut.com __utmb 30 minuts Mesura interna Google Analytics Nivell 3<br \/>persalut.com __utmc Sessi\u00f3 Mesura interna Google Analytics Nivell 3<br \/>persalut.com __utmz 6 mesos Mesura interna Google Analytics Nivell 3<br \/>persalut.com __utmz 2 anys Per distingir els usuaris Nivell 3<br \/>persalut.com __ga 2 anys Per distingir els usuaris Nivell 3<br \/>persalut.com __gib 24 hores Per distingir els usuaris Nivell 3<br \/>persalut.com __gat 1 minut Per limitar el percentatge de sol\u00b7licituds<\/p><p><b>Nivell 3<\/b><\/p><p>Un cop llegida tota la informaci\u00f3 facilitada, informem l\u2019usuari que, si continua navegant pel nostre lloc web sense haver configurat el navegador per impedir la instal\u00b7laci\u00f3 de les cookies utilitzades, estar\u00e0 atorgant el seu consentiment per a l\u2019\u00fas d\u2019aquests mecanismes, en els termes previstos a l\u2019article 22.2 de la Llei 34\/2002, de Serveis de la Societat de la Informaci\u00f3 i Comer\u00e7 Electr\u00f2nic, segons la redacci\u00f3 donada pel RD 13\/2012, de 30 de mar\u00e7, pel qual es transposen directives en mat\u00e8ria de mercats interiors d\u2019electricitat i gas i en mat\u00e8ria de comunicacions electr\u00f2niques.<\/p>\t\t\t\t\t\t\t\t<\/div>\n\t\t\t\t<\/div>\n\t\t\t\t\t<\/div>\n\t\t\t\t<\/div>\n\t\t\t\t<\/div>\n\t\t","protected":false},"excerpt":{"rendered":"<p>Pol\u00edtica de Cookies Qu\u00e8 s\u00f3n les cookies? Les cookies s\u00f3n arxius que s\u2019instal\u00b7len al navegador o als dispositius (smartphones, tauletes) [&hellip;]<\/p>\n","protected":false},"author":1,"featured_media":0,"parent":0,"menu_order":0,"comment_status":"closed","ping_status":"closed","template":"","meta":{"site-sidebar-layout":"no-sidebar","site-content-layout":"","ast-site-content-layout":"full-width-container","site-content-style":"default","site-sidebar-style":"default","ast-global-header-display":"","ast-banner-title-visibility":"","ast-main-header-display":"","ast-hfb-above-header-display":"","ast-hfb-below-header-display":"","ast-hfb-mobile-header-display":"","site-post-title":"disabled","ast-breadcrumbs-content":"","ast-featured-img":"disabled","footer-sml-layout":"","ast-disable-related-posts":"","theme-transparent-header-meta":"","adv-header-id-meta":"","stick-header-meta":"","header-above-stick-meta":"","header-main-stick-meta":"","header-below-stick-meta":"","astra-migrate-meta-layouts":"default","ast-page-background-enabled":"default","ast-page-background-meta":{"desktop":{"background-color":"var(--ast-global-color-4)","background-image":"","background-repeat":"repeat","background-position":"center center","background-size":"auto","background-attachment":"scroll","background-type":"","background-media":"","overlay-type":"","overlay-color":"","overlay-opacity":"","overlay-gradient":""},"tablet":{"background-color":"","background-image":"","background-repeat":"repeat","background-position":"center center","background-size":"auto","background-attachment":"scroll","background-type":"","background-media":"","overlay-type":"","overlay-color":"","overlay-opacity":"","overlay-gradient":""},"mobile":{"background-color":"","background-image":"","background-repeat":"repeat","background-position":"center center","background-size":"auto","background-attachment":"scroll","background-type":"","background-media":"","overlay-type":"","overlay-color":"","overlay-opacity":"","overlay-gradient":""}},"ast-content-background-meta":{"desktop":{"background-color":"var(--ast-global-color-5)","background-image":"","background-repeat":"repeat","background-position":"center center","background-size":"auto","background-attachment":"scroll","background-type":"","background-media":"","overlay-type":"","overlay-color":"","overlay-opacity":"","overlay-gradient":""},"tablet":{"background-color":"var(--ast-global-color-5)","background-image":"","background-repeat":"repeat","background-position":"center center","background-size":"auto","background-attachment":"scroll","background-type":"","background-media":"","overlay-type":"","overlay-color":"","overlay-opacity":"","overlay-gradient":""},"mobile":{"background-color":"var(--ast-global-color-5)","background-image":"","background-repeat":"repeat","background-position":"center center","background-size":"auto","background-attachment":"scroll","background-type":"","background-media":"","overlay-type":"","overlay-color":"","overlay-opacity":"","overlay-gradient":""}},"footnotes":""},"class_list":["post-1117","page","type-page","status-publish","hentry"],"yoast_head":"<!-- This site is optimized with the Yoast SEO plugin v27.2 - https:\/\/yoast.com\/product\/yoast-seo-wordpress\/ -->\n<title>Pol\u00edtica de cookies - Per Salut<\/title>\n<meta name=\"robots\" content=\"index, follow, max-snippet:-1, max-image-preview:large, max-video-preview:-1\" \/>\n<link rel=\"canonical\" href=\"https:\/\/persalut.com\/politica-de-cookies\/\" \/>\n<meta property=\"og:locale\" content=\"ca_ES\" \/>\n<meta property=\"og:type\" content=\"article\" \/>\n<meta property=\"og:title\" content=\"Pol\u00edtica de cookies - Per Salut\" \/>\n<meta property=\"og:description\" content=\"Pol\u00edtica de Cookies Qu\u00e8 s\u00f3n les cookies? Les cookies s\u00f3n arxius que s\u2019instal\u00b7len al navegador o als dispositius (smartphones, tauletes) [&hellip;]\" \/>\n<meta property=\"og:url\" content=\"https:\/\/persalut.com\/politica-de-cookies\/\" \/>\n<meta property=\"og:site_name\" content=\"Per Salut\" \/>\n<meta property=\"article:modified_time\" content=\"2026-01-20T14:33:42+00:00\" \/>\n<meta name=\"twitter:card\" content=\"summary_large_image\" \/>\n<meta name=\"twitter:label1\" content=\"Temps estimat de lectura\" \/>\n\t<meta name=\"twitter:data1\" content=\"5 minuts\" \/>\n<script type=\"application\/ld+json\" class=\"yoast-schema-graph\">{\"@context\":\"https:\/\/schema.org\",\"@graph\":[{\"@type\":\"WebPage\",\"@id\":\"https:\/\/persalut.com\/politica-de-cookies\/\",\"url\":\"https:\/\/persalut.com\/politica-de-cookies\/\",\"name\":\"Pol\u00edtica de cookies - Per Salut\",\"isPartOf\":{\"@id\":\"https:\/\/persalut.com\/#website\"},\"datePublished\":\"2025-11-25T08:23:32+00:00\",\"dateModified\":\"2026-01-20T14:33:42+00:00\",\"breadcrumb\":{\"@id\":\"https:\/\/persalut.com\/politica-de-cookies\/#breadcrumb\"},\"inLanguage\":\"ca\",\"potentialAction\":[{\"@type\":\"ReadAction\",\"target\":[\"https:\/\/persalut.com\/politica-de-cookies\/\"]}]},{\"@type\":\"BreadcrumbList\",\"@id\":\"https:\/\/persalut.com\/politica-de-cookies\/#breadcrumb\",\"itemListElement\":[{\"@type\":\"ListItem\",\"position\":1,\"name\":\"Portada\",\"item\":\"https:\/\/persalut.com\/\"},{\"@type\":\"ListItem\",\"position\":2,\"name\":\"Pol\u00edtica de cookies\"}]},{\"@type\":\"WebSite\",\"@id\":\"https:\/\/persalut.com\/#website\",\"url\":\"https:\/\/persalut.com\/\",\"name\":\"Per Salut\",\"description\":\"Psicolog\u00eda cl\u00ednica infantil juvenil y adultos | Atenci\u00f3n cercana y profesional\",\"publisher\":{\"@id\":\"https:\/\/persalut.com\/#organization\"},\"potentialAction\":[{\"@type\":\"SearchAction\",\"target\":{\"@type\":\"EntryPoint\",\"urlTemplate\":\"https:\/\/persalut.com\/?s={search_term_string}\"},\"query-input\":{\"@type\":\"PropertyValueSpecification\",\"valueRequired\":true,\"valueName\":\"search_term_string\"}}],\"inLanguage\":\"ca\"},{\"@type\":\"Organization\",\"@id\":\"https:\/\/persalut.com\/#organization\",\"name\":\"Per Salut\",\"url\":\"https:\/\/persalut.com\/\",\"logo\":{\"@type\":\"ImageObject\",\"inLanguage\":\"ca\",\"@id\":\"https:\/\/persalut.com\/#\/schema\/logo\/image\/\",\"url\":\"https:\/\/persalut.com\/wp-content\/uploads\/2025\/10\/logo-sense-fondo.png\",\"contentUrl\":\"https:\/\/persalut.com\/wp-content\/uploads\/2025\/10\/logo-sense-fondo.png\",\"width\":1280,\"height\":705,\"caption\":\"Per Salut\"},\"image\":{\"@id\":\"https:\/\/persalut.com\/#\/schema\/logo\/image\/\"}}]}<\/script>\n<!-- \/ Yoast SEO plugin. -->","yoast_head_json":{"title":"Pol\u00edtica de cookies - Per Salut","robots":{"index":"index","follow":"follow","max-snippet":"max-snippet:-1","max-image-preview":"max-image-preview:large","max-video-preview":"max-video-preview:-1"},"canonical":"https:\/\/persalut.com\/politica-de-cookies\/","og_locale":"ca_ES","og_type":"article","og_title":"Pol\u00edtica de cookies - Per Salut","og_description":"Pol\u00edtica de Cookies Qu\u00e8 s\u00f3n les cookies? Les cookies s\u00f3n arxius que s\u2019instal\u00b7len al navegador o als dispositius (smartphones, tauletes) [&hellip;]","og_url":"https:\/\/persalut.com\/politica-de-cookies\/","og_site_name":"Per Salut","article_modified_time":"2026-01-20T14:33:42+00:00","twitter_card":"summary_large_image","twitter_misc":{"Temps estimat de lectura":"5 minuts"},"schema":{"@context":"https:\/\/schema.org","@graph":[{"@type":"WebPage","@id":"https:\/\/persalut.com\/politica-de-cookies\/","url":"https:\/\/persalut.com\/politica-de-cookies\/","name":"Pol\u00edtica de cookies - Per Salut","isPartOf":{"@id":"https:\/\/persalut.com\/#website"},"datePublished":"2025-11-25T08:23:32+00:00","dateModified":"2026-01-20T14:33:42+00:00","breadcrumb":{"@id":"https:\/\/persalut.com\/politica-de-cookies\/#breadcrumb"},"inLanguage":"ca","potentialAction":[{"@type":"ReadAction","target":["https:\/\/persalut.com\/politica-de-cookies\/"]}]},{"@type":"BreadcrumbList","@id":"https:\/\/persalut.com\/politica-de-cookies\/#breadcrumb","itemListElement":[{"@type":"ListItem","position":1,"name":"Portada","item":"https:\/\/persalut.com\/"},{"@type":"ListItem","position":2,"name":"Pol\u00edtica de cookies"}]},{"@type":"WebSite","@id":"https:\/\/persalut.com\/#website","url":"https:\/\/persalut.com\/","name":"Per Salut","description":"Psicolog\u00eda cl\u00ednica infantil juvenil y adultos | Atenci\u00f3n cercana y profesional","publisher":{"@id":"https:\/\/persalut.com\/#organization"},"potentialAction":[{"@type":"SearchAction","target":{"@type":"EntryPoint","urlTemplate":"https:\/\/persalut.com\/?s={search_term_string}"},"query-input":{"@type":"PropertyValueSpecification","valueRequired":true,"valueName":"search_term_string"}}],"inLanguage":"ca"},{"@type":"Organization","@id":"https:\/\/persalut.com\/#organization","name":"Per Salut","url":"https:\/\/persalut.com\/","logo":{"@type":"ImageObject","inLanguage":"ca","@id":"https:\/\/persalut.com\/#\/schema\/logo\/image\/","url":"https:\/\/persalut.com\/wp-content\/uploads\/2025\/10\/logo-sense-fondo.png","contentUrl":"https:\/\/persalut.com\/wp-content\/uploads\/2025\/10\/logo-sense-fondo.png","width":1280,"height":705,"caption":"Per Salut"},"image":{"@id":"https:\/\/persalut.com\/#\/schema\/logo\/image\/"}}]}},"_links":{"self":[{"href":"https:\/\/persalut.com\/ca\/wp-json\/wp\/v2\/pages\/1117","targetHints":{"allow":["GET"]}}],"collection":[{"href":"https:\/\/persalut.com\/ca\/wp-json\/wp\/v2\/pages"}],"about":[{"href":"https:\/\/persalut.com\/ca\/wp-json\/wp\/v2\/types\/page"}],"author":[{"embeddable":true,"href":"https:\/\/persalut.com\/ca\/wp-json\/wp\/v2\/users\/1"}],"replies":[{"embeddable":true,"href":"https:\/\/persalut.com\/ca\/wp-json\/wp\/v2\/comments?post=1117"}],"version-history":[{"count":3,"href":"https:\/\/persalut.com\/ca\/wp-json\/wp\/v2\/pages\/1117\/revisions"}],"predecessor-version":[{"id":1121,"href":"https:\/\/persalut.com\/ca\/wp-json\/wp\/v2\/pages\/1117\/revisions\/1121"}],"wp:attachment":[{"href":"https:\/\/persalut.com\/ca\/wp-json\/wp\/v2\/media?parent=1117"}],"curies":[{"name":"wp","href":"https:\/\/api.w.org\/{rel}","templated":true}]}}